{"id":993336,"date":"2023-02-27T06:54:14","date_gmt":"2023-02-27T06:54:14","guid":{"rendered":"https:\/\/www.escuelaturismo.org\/politica-de-privadesa\/"},"modified":"2023-02-27T11:03:28","modified_gmt":"2023-02-27T11:03:28","slug":"politica-de-privadesa","status":"publish","type":"page","link":"https:\/\/www.escuelaturismo.org\/ca\/politica-de-privadesa\/","title":{"rendered":"Pol\u00edtica de Privadesa"},"content":{"rendered":"\t\t<div data-elementor-type=\"wp-page\" data-elementor-id=\"993336\" class=\"elementor elementor-993336 elementor-993312\" data-elementor-post-type=\"page\">\n\t\t\t\t\t\t<section class=\"has_eae_slider elementor-section elementor-top-section elementor-element elementor-element-2dcc6ef elementor-section-height-min-height elementor-section-boxed elementor-section-height-default elementor-section-items-middle\" data-eae-slider=\"6279\" data-id=\"2dcc6ef\" data-element_type=\"section\" data-settings=\"{&quot;background_background&quot;:&quot;classic&quot;}\">\n\t\t\t\t\t\t\t<div class=\"elementor-background-overlay\"><\/div>\n\t\t\t\t\t\t\t<div class=\"elementor-container elementor-column-gap-default\">\n\t\t\t\t\t<div class=\"has_eae_slider elementor-column elementor-col-100 elementor-top-column elementor-element elementor-element-387a2b2\" data-eae-slider=\"76286\" data-id=\"387a2b2\" data-element_type=\"column\" data-settings=\"{&quot;background_background&quot;:&quot;classic&quot;}\">\n\t\t\t<div class=\"elementor-widget-wrap\">\n\t\t\t\t\t\t\t<\/div>\n\t\t<\/div>\n\t\t\t\t\t<\/div>\n\t\t<\/section>\n\t\t\t\t<section class=\"has_eae_slider elementor-section elementor-top-section elementor-element elementor-element-20d594f elementor-section-boxed elementor-section-height-default elementor-section-height-default\" data-eae-slider=\"34269\" data-id=\"20d594f\" data-element_type=\"section\">\n\t\t\t\t\t\t<div class=\"elementor-container elementor-column-gap-no\">\n\t\t\t\t\t<div class=\"has_eae_slider elementor-column elementor-col-50 elementor-top-column elementor-element elementor-element-8edd659 animated-fast elementor-invisible\" data-eae-slider=\"83208\" data-id=\"8edd659\" data-element_type=\"column\" data-settings=\"{&quot;background_background&quot;:&quot;classic&quot;,&quot;animation&quot;:&quot;fadeIn&quot;,&quot;animation_tablet&quot;:&quot;none&quot;,&quot;animation_mobile&quot;:&quot;none&quot;,&quot;animation_delay&quot;:100}\">\n\t\t\t<div class=\"elementor-widget-wrap elementor-element-populated\">\n\t\t\t\t\t\t<div class=\"elementor-element elementor-element-0c4dd21 entry-box elementor-widget elementor-widget-heading\" data-id=\"0c4dd21\" data-element_type=\"widget\" data-settings=\"{&quot;_animation&quot;:&quot;none&quot;,&quot;_animation_tablet&quot;:&quot;none&quot;,&quot;_animation_mobile&quot;:&quot;none&quot;,&quot;_animation_delay&quot;:100}\" data-widget_type=\"heading.default\">\n\t\t\t\t<div class=\"elementor-widget-container\">\n\t\t\t\t\t<h1 class=\"elementor-heading-title elementor-size-default\"> Pol\u00edtica de Privadesa<\/h1>\t\t\t\t<\/div>\n\t\t\t\t<\/div>\n\t\t\t\t\t<\/div>\n\t\t<\/div>\n\t\t\t\t<div class=\"has_eae_slider elementor-column elementor-col-50 elementor-top-column elementor-element elementor-element-0cff86a elementor-hidden-phone\" data-eae-slider=\"30401\" data-id=\"0cff86a\" data-element_type=\"column\">\n\t\t\t<div class=\"elementor-widget-wrap\">\n\t\t\t\t\t\t\t<\/div>\n\t\t<\/div>\n\t\t\t\t\t<\/div>\n\t\t<\/section>\n\t\t\t\t<section class=\"has_eae_slider elementor-section elementor-top-section elementor-element elementor-element-e6ad6ec elementor-section-boxed elementor-section-height-default elementor-section-height-default\" data-eae-slider=\"27151\" data-id=\"e6ad6ec\" data-element_type=\"section\">\n\t\t\t\t\t\t<div class=\"elementor-container elementor-column-gap-default\">\n\t\t\t\t\t<div class=\"has_eae_slider elementor-column elementor-col-100 elementor-top-column elementor-element elementor-element-577fc8e\" data-eae-slider=\"76980\" data-id=\"577fc8e\" data-element_type=\"column\">\n\t\t\t<div class=\"elementor-widget-wrap elementor-element-populated\">\n\t\t\t\t\t\t<div class=\"elementor-element elementor-element-37180c4 elementor-widget elementor-widget-text-editor\" data-id=\"37180c4\" data-element_type=\"widget\" data-widget_type=\"text-editor.default\">\n\t\t\t\t<div class=\"elementor-widget-container\">\n\t\t\t\t\t\t\t\t\t<p>En aquesta p\u00e0gina podeu trobar informaci\u00f3 sobre com es manejaran i protegiran les vostres dades personals. La pol\u00edtica de privadesa expressa com tractar\u00e0 la informaci\u00f3 personal de totes les persones que interactuen amb el lloc web. Et demanem que llegeixis acuradament aquesta pol\u00edtica de privadesa abans d&#8217;utilitzar la web, la qual est\u00e0 redactada segons les darreres directrius europees, de manera que no necessitis un advocat per comprendre-les sin\u00f3 que simplement llegint qualsevol persona aquesta pol\u00edtica pugui ser capa\u00e7 de comprendre-la totalment.<\/p>\n<p>D&#8217;acord amb el Reglament UE 2016\/679 i la Llei Org\u00e0nica 3\/2018, t&#8217;informa que en acceptar aquesta pol\u00edtica de privadesa, prestes el teu consentiment expr\u00e9s, informat, lliure i inequ\u00edvoc perqu\u00e8 processi les teves dades personals, les quals seran protegides amb mesures t\u00e8cniques i organitzatives adequades a la normativa vigent.<\/p>\n<p><strong>Responsable de la web<\/strong><\/p>\n<ul>\n<li>Nom del responsable: Escola de Turisme del Consell d&#8217;Eivissa<\/li>\n<li>NIF\/CIF: G07937709<\/li>\n<li>Adre\u00e7a f\u00edsica: Avinguda Espanya, 49, Eivissa, Illes Balears<\/li>\n<li>Lloc web: http:\/\/www.escuelaturismo.org\/ES\/<\/li>\n<li>Activitat realitzada: Lactivitat de lEscola de Turisme del Consell dEivissa consisteix en la formaci\u00f3 superior en l\u00e0mbit del turisme.<\/li>\n<li>Correu electr\u00f2nic de contacte: secret\u00e0ria@escolaturisme.org<\/li>\n<\/ul>\n<p><strong>Dades personals tractades<\/strong><\/p>\n<p>En aquest lloc web es poden recollir les dades seg\u00fcents, sempre per poder oferir el servei que la web t\u00e9 com a finalitat, depenent de les accions realitzades al lloc web per l&#8217;usuari:<\/p>\n<p>Dades de navegaci\u00f3: el lloc web pot con\u00e8ixer la vostra adre\u00e7a IP, dispositiu utilitzat, navegador amb qu\u00e8 accedeix l&#8217;usuari al lloc web i les dades de navegaci\u00f3 i comportament de l&#8217;usuari dins del lloc. Aix\u00f2 \u00e9s per poder oferir la millor experi\u00e8ncia d\u00fas als usuaris del lloc web.<\/p>\n<p>Dades identificatives i de contacte: nom, cognoms, correu electr\u00f2nic o qualsevol altre m\u00e8tode de contacte sempre que l&#8217;usuari ho indiqui volunt\u00e0riament.<\/p>\n<p><strong>Base legal del tractament de dades<\/strong><\/p>\n<p>Les dades dels usuaris s\u00f3n tractades en base a les bases legals seg\u00fcents:<\/p>\n<p>Inter\u00e8s leg\u00edtim del responsable del tractament de dades per protegir els usuaris de qualsevol tipus de frau o ab\u00fas en l&#8217;\u00fas dels serveis.<\/p>\n<p>Consentiment atorgat per lusuari relatiu a contacte, subscripcions o comunicacions comercials.<\/p>\n<p>Execuci\u00f3 de contractes amb per contractar serveis i poder gestionar el lliurament dels mateixos.<\/p>\n<p>Temps de conservaci\u00f3 de les dades personals<\/p>\n<p>El temps de conservaci\u00f3 de les dades personals dels usuaris ser\u00e0 el menor possible en tot cas, encara que es podr\u00e0 mantenir en m\u00e9s temps en cas d&#8217;haver de complir algun imperatiu legal que obligui aquest manteniment, com \u00e9s el cas de les infraccions i sancions en l&#8217;ordre social (4 anys), les accions civils personals (5 anys), a efectes comptables (6 anys) i per complir algunes normatives relatives a la Prevenci\u00f3 de Blanqueig de Capitals i Finan\u00e7ament de terrorisme (10 anys). En qualsevol cas, en termes generals i sense que concorri cap de les circumst\u00e0ncies que obliguin a un manteniment m\u00e9s gran de les dades, es tindran el temps m\u00ednim possible.<\/p>\n<p><strong>Quins drets tens respecte de les teves dades?<\/strong><\/p>\n<p>Les teves dades s\u00f3n teves, per tant tindr\u00e0s tot el dret a con\u00e8ixer el tractament de dades que se&#8217;ls d\u00f3na per part de les teves dades. En concret, tindr\u00e0s dret a:<\/p>\n<ul>\n<li>Accedir a les teves dades<\/li>\n<li>Rectificar o suprimir les dades<\/li>\n<li>Cancel\u00b7laci\u00f3 de les dades<\/li>\n<li>Limitaci\u00f3 del tractament de les dades<\/li>\n<li>Oposici\u00f3 al tractament<\/li>\n<li>Portabilitat de les dades en qualsevol moment<\/li>\n<li>A m\u00e9s, tens dret a retirar el consentiment en qualsevol moment sobre el tractament de les teves dades, encara que hagis consentit el mateix per a una finalitat concreta dins del web. En cas que consideris que el tractament de les teves dades vulnera els teus drets, pots posar-te en contacte amb l&#8217;Ag\u00e8ncia de Protecci\u00f3 de<\/li>\n<li>Dades a trav\u00e9s del seg\u00fcent enlla\u00e7: https:\/\/www.aepd.es\/<\/li>\n<\/ul>\n<p>Si vols exercitar algun dels drets anteriorment descrits, ho pots fer en qualsevol moment enviant un correu electr\u00f2nic a l&#8217;adre\u00e7a secretaria@escuelaturismo.org. Per fer-ho, necessitareu enviar el formulari d&#8217;exercici de drets sobre dades personals, que podreu sol\u00b7licitar-nos via email o descarregar de la pr\u00f2pia web de l&#8217;Ag\u00e8ncia de Protecci\u00f3 de Dades. En qualsevol cas, han d&#8217;anar signats electr\u00f2nicament o adjuntant una fotoc\u00f2pia\/imatge del teu DNI o document identificatiu corresponent.<\/p>\n<p>El formulari es podr\u00e0 enviar tant per correu electr\u00f2nic com per correu ordinari a l&#8217;adre\u00e7a Avinguda Espanya, 49, Eivissa, Illes Balears.<\/p>\n<p><strong>Seguretat i declaraci\u00f3 de bretxes de seguretat<\/strong><\/p>\n<p>A http:\/\/www.escuelaturismo.org\/ES\/ ens comprometem a utilitzar i tractar les teves dades personals amb total confidencialitat, d&#8217;acord amb la finalitat d&#8217;aquestes, aix\u00ed com adaptar totes les mesures per evitar qualsevol tipus d&#8217;alteraci\u00f3 o p\u00e8rdua dels mateixos, aix\u00ed com accessos no autoritzats, sobre la base del que estableix la normativa vigent en mat\u00e8ria de protecci\u00f3 de dades.<\/p>\n<p>D&#8217;altra banda, http:\/\/www.escuelaturismo.org\/ES\/ ha de ser clar i transparent amb el fet que, igual que qualsevol altre lloc web d&#8217;internet, no podem garantir la seguretat i el no-acc\u00e9s autoritzat per part de pirates inform\u00e0tics o qualsevol altre individu o organitzaci\u00f3 criminal, cosa que podria violar la confidencialitat de les dades custodiades.<\/p>\n<p>Pel que fa al maneig de dades per un altre tipus de processament, http:\/\/www.escuelaturismo.org\/ES\/ s&#8217;encarregar\u00e0 sempre que el processament realitzat per qualsevol persona autoritzada per estar\u00e0 sota la mateixa obligaci\u00f3 de confidencialitat que nosaltres.<\/p>\n<p>En qualsevol cas, si en algun moment hi ha algun error o fuga d&#8217;informaci\u00f3 o dades personals, ho comunicar\u00e0 el m\u00e9s aviat possible als usuaris afectats o potencialment afectats per aix\u00f2.<\/p>\n<p><strong>Exactitud i veracitat de les dades<\/strong><\/p>\n<p>Com que \u00e9s qui els proporciona, l&#8217;\u00fanic responsable de la veracitat de les dades proporcionades a http:\/\/www.escuelaturismo.org\/ES\/ ets tu com a usuari, no tenint cap responsabilitat respecte a l&#8217;exactitud o veracitat de les dades. En qualsevol cas, els usuaris han de proporcionar dades exactes i aut\u00e8ntiques, mantenint-les degudament actualitzades.<\/p>\n<p>L&#8217;usuari es compromet a proporcionar informaci\u00f3 correcta i completa en base a aquesta pol\u00edtica de privadesa sempre que remeti dades de qualsevol tipus a trav\u00e9s de http:\/\/www.escuelaturismo.org\/ES\/.<\/p>\n<p><strong>Revocabilitat de les dades<\/strong><\/p>\n<p>L&#8217;usuari presta el seu consentiment per al tractament i cessi\u00f3 de les dades en els termes exposats, per\u00f2 aquest no \u00e9s un dret absolut, at\u00e8s que el titular de les dades pot ser revocat en qualsevol moment, amb la mera manifestaci\u00f3 de la seva voluntat i portant-ne a terme el procediment descrit anteriorment per a lexercici dels seus drets. En qualsevol cas, aquesta revocaci\u00f3 no t\u00e9 car\u00e0cter retroactiu en cap cas.<\/p>\n<p><strong>Canvis en la pol\u00edtica de privadesa<\/strong><\/p>\n<p>Es reserva el dret a modificar aquesta pol\u00edtica de privadesa per adaptar-la a les novetats legislatives que hi hagi en el futur. En cas d&#8217;actualitzaci\u00f3 de les pol\u00edtiques, s&#8217;anunciaran en aquesta p\u00e0gina qualsevol canvi amb anterioritat a la seva aplicaci\u00f3 i obligatorietat.<\/p>\n\t\t\t\t\t\t\t\t<\/div>\n\t\t\t\t<\/div>\n\t\t\t\t\t<\/div>\n\t\t<\/div>\n\t\t\t\t\t<\/div>\n\t\t<\/section>\n\t\t\t\t<\/div>\n\t\t","protected":false},"excerpt":{"rendered":"<p>Pol\u00edtica de Privadesa En aquesta p\u00e0gina podeu trobar informaci\u00f3 sobre com es manejaran i protegiran les vostres dades personals. La pol\u00edtica de privadesa expressa com tractar\u00e0 la informaci\u00f3 personal de totes les persones que interactuen amb el lloc web. Et demanem que llegeixis acuradament aquesta pol\u00edtica de privadesa abans d&#8217;utilitzar la web, la qual est\u00e0&#8230;<\/p>\n","protected":false},"author":1,"featured_media":0,"parent":0,"menu_order":0,"comment_status":"closed","ping_status":"closed","template":"","meta":{"footnotes":""},"class_list":["post-993336","page","type-page","status-publish","hentry"],"yoast_head":"<!-- This site is optimized with the Yoast SEO plugin v26.3 - https:\/\/yoast.com\/wordpress\/plugins\/seo\/ -->\n<title>Pol\u00edtica de Privadesa - Escuela de Turismo de Ibiza<\/title>\n<meta name=\"robots\" content=\"index, follow, max-snippet:-1, max-image-preview:large, max-video-preview:-1\" \/>\n<link rel=\"canonical\" href=\"https:\/\/www.escuelaturismo.org\/ca\/politica-de-privadesa\/\" \/>\n<meta property=\"og:locale\" content=\"ca_ES\" \/>\n<meta property=\"og:type\" content=\"article\" \/>\n<meta property=\"og:title\" content=\"Pol\u00edtica de Privadesa - Escuela de Turismo de Ibiza\" \/>\n<meta property=\"og:description\" content=\"Pol\u00edtica de Privadesa En aquesta p\u00e0gina podeu trobar informaci\u00f3 sobre com es manejaran i protegiran les vostres dades personals. La pol\u00edtica de privadesa expressa com tractar\u00e0 la informaci\u00f3 personal de totes les persones que interactuen amb el lloc web. Et demanem que llegeixis acuradament aquesta pol\u00edtica de privadesa abans d&#8217;utilitzar la web, la qual est\u00e0...\" \/>\n<meta property=\"og:url\" content=\"https:\/\/www.escuelaturismo.org\/ca\/politica-de-privadesa\/\" \/>\n<meta property=\"og:site_name\" content=\"Escuela de Turismo de Ibiza\" \/>\n<meta property=\"article:modified_time\" content=\"2023-02-27T11:03:28+00:00\" \/>\n<meta name=\"twitter:card\" content=\"summary_large_image\" \/>\n<meta name=\"twitter:label1\" content=\"Temps estimat de lectura\" \/>\n\t<meta name=\"twitter:data1\" content=\"6 minuts\" \/>\n<script type=\"application\/ld+json\" class=\"yoast-schema-graph\">{\"@context\":\"https:\/\/schema.org\",\"@graph\":[{\"@type\":\"WebPage\",\"@id\":\"https:\/\/www.escuelaturismo.org\/ca\/politica-de-privadesa\/\",\"url\":\"https:\/\/www.escuelaturismo.org\/ca\/politica-de-privadesa\/\",\"name\":\"Pol\u00edtica de Privadesa - Escuela de Turismo de Ibiza\",\"isPartOf\":{\"@id\":\"https:\/\/www.escuelaturismo.org\/ca\/#website\"},\"datePublished\":\"2023-02-27T06:54:14+00:00\",\"dateModified\":\"2023-02-27T11:03:28+00:00\",\"breadcrumb\":{\"@id\":\"https:\/\/www.escuelaturismo.org\/ca\/politica-de-privadesa\/#breadcrumb\"},\"inLanguage\":\"ca\",\"potentialAction\":[{\"@type\":\"ReadAction\",\"target\":[\"https:\/\/www.escuelaturismo.org\/ca\/politica-de-privadesa\/\"]}]},{\"@type\":\"BreadcrumbList\",\"@id\":\"https:\/\/www.escuelaturismo.org\/ca\/politica-de-privadesa\/#breadcrumb\",\"itemListElement\":[{\"@type\":\"ListItem\",\"position\":1,\"name\":\"Home\",\"item\":\"https:\/\/www.escuelaturismo.org\/ca\/\"},{\"@type\":\"ListItem\",\"position\":2,\"name\":\"Pol\u00edtica de Privadesa\"}]},{\"@type\":\"WebSite\",\"@id\":\"https:\/\/www.escuelaturismo.org\/ca\/#website\",\"url\":\"https:\/\/www.escuelaturismo.org\/ca\/\",\"name\":\"Escuela de Turismo de Ibiza\",\"description\":\"Escuela de Turismo de Ibiza\",\"publisher\":{\"@id\":\"https:\/\/www.escuelaturismo.org\/ca\/#organization\"},\"potentialAction\":[{\"@type\":\"SearchAction\",\"target\":{\"@type\":\"EntryPoint\",\"urlTemplate\":\"https:\/\/www.escuelaturismo.org\/ca\/?s={search_term_string}\"},\"query-input\":{\"@type\":\"PropertyValueSpecification\",\"valueRequired\":true,\"valueName\":\"search_term_string\"}}],\"inLanguage\":\"ca\"},{\"@type\":\"Organization\",\"@id\":\"https:\/\/www.escuelaturismo.org\/ca\/#organization\",\"name\":\"Escuela de Turismo de Ibiza\",\"url\":\"https:\/\/www.escuelaturismo.org\/ca\/\",\"logo\":{\"@type\":\"ImageObject\",\"inLanguage\":\"ca\",\"@id\":\"https:\/\/www.escuelaturismo.org\/ca\/#\/schema\/logo\/image\/\",\"url\":\"https:\/\/www.escuelaturismo.org\/wp-content\/uploads\/2023\/01\/logo-ETI-header.svg\",\"contentUrl\":\"https:\/\/www.escuelaturismo.org\/wp-content\/uploads\/2023\/01\/logo-ETI-header.svg\",\"width\":350,\"height\":90,\"caption\":\"Escuela de Turismo de Ibiza\"},\"image\":{\"@id\":\"https:\/\/www.escuelaturismo.org\/ca\/#\/schema\/logo\/image\/\"}}]}<\/script>\n<!-- \/ Yoast SEO plugin. -->","yoast_head_json":{"title":"Pol\u00edtica de Privadesa - Escuela de Turismo de Ibiza","robots":{"index":"index","follow":"follow","max-snippet":"max-snippet:-1","max-image-preview":"max-image-preview:large","max-video-preview":"max-video-preview:-1"},"canonical":"https:\/\/www.escuelaturismo.org\/ca\/politica-de-privadesa\/","og_locale":"ca_ES","og_type":"article","og_title":"Pol\u00edtica de Privadesa - Escuela de Turismo de Ibiza","og_description":"Pol\u00edtica de Privadesa En aquesta p\u00e0gina podeu trobar informaci\u00f3 sobre com es manejaran i protegiran les vostres dades personals. La pol\u00edtica de privadesa expressa com tractar\u00e0 la informaci\u00f3 personal de totes les persones que interactuen amb el lloc web. Et demanem que llegeixis acuradament aquesta pol\u00edtica de privadesa abans d&#8217;utilitzar la web, la qual est\u00e0...","og_url":"https:\/\/www.escuelaturismo.org\/ca\/politica-de-privadesa\/","og_site_name":"Escuela de Turismo de Ibiza","article_modified_time":"2023-02-27T11:03:28+00:00","twitter_card":"summary_large_image","twitter_misc":{"Temps estimat de lectura":"6 minuts"},"schema":{"@context":"https:\/\/schema.org","@graph":[{"@type":"WebPage","@id":"https:\/\/www.escuelaturismo.org\/ca\/politica-de-privadesa\/","url":"https:\/\/www.escuelaturismo.org\/ca\/politica-de-privadesa\/","name":"Pol\u00edtica de Privadesa - Escuela de Turismo de Ibiza","isPartOf":{"@id":"https:\/\/www.escuelaturismo.org\/ca\/#website"},"datePublished":"2023-02-27T06:54:14+00:00","dateModified":"2023-02-27T11:03:28+00:00","breadcrumb":{"@id":"https:\/\/www.escuelaturismo.org\/ca\/politica-de-privadesa\/#breadcrumb"},"inLanguage":"ca","potentialAction":[{"@type":"ReadAction","target":["https:\/\/www.escuelaturismo.org\/ca\/politica-de-privadesa\/"]}]},{"@type":"BreadcrumbList","@id":"https:\/\/www.escuelaturismo.org\/ca\/politica-de-privadesa\/#breadcrumb","itemListElement":[{"@type":"ListItem","position":1,"name":"Home","item":"https:\/\/www.escuelaturismo.org\/ca\/"},{"@type":"ListItem","position":2,"name":"Pol\u00edtica de Privadesa"}]},{"@type":"WebSite","@id":"https:\/\/www.escuelaturismo.org\/ca\/#website","url":"https:\/\/www.escuelaturismo.org\/ca\/","name":"Escuela de Turismo de Ibiza","description":"Escuela de Turismo de Ibiza","publisher":{"@id":"https:\/\/www.escuelaturismo.org\/ca\/#organization"},"potentialAction":[{"@type":"SearchAction","target":{"@type":"EntryPoint","urlTemplate":"https:\/\/www.escuelaturismo.org\/ca\/?s={search_term_string}"},"query-input":{"@type":"PropertyValueSpecification","valueRequired":true,"valueName":"search_term_string"}}],"inLanguage":"ca"},{"@type":"Organization","@id":"https:\/\/www.escuelaturismo.org\/ca\/#organization","name":"Escuela de Turismo de Ibiza","url":"https:\/\/www.escuelaturismo.org\/ca\/","logo":{"@type":"ImageObject","inLanguage":"ca","@id":"https:\/\/www.escuelaturismo.org\/ca\/#\/schema\/logo\/image\/","url":"https:\/\/www.escuelaturismo.org\/wp-content\/uploads\/2023\/01\/logo-ETI-header.svg","contentUrl":"https:\/\/www.escuelaturismo.org\/wp-content\/uploads\/2023\/01\/logo-ETI-header.svg","width":350,"height":90,"caption":"Escuela de Turismo de Ibiza"},"image":{"@id":"https:\/\/www.escuelaturismo.org\/ca\/#\/schema\/logo\/image\/"}}]}},"_links":{"self":[{"href":"https:\/\/www.escuelaturismo.org\/ca\/wp-json\/wp\/v2\/pages\/993336","targetHints":{"allow":["GET"]}}],"collection":[{"href":"https:\/\/www.escuelaturismo.org\/ca\/wp-json\/wp\/v2\/pages"}],"about":[{"href":"https:\/\/www.escuelaturismo.org\/ca\/wp-json\/wp\/v2\/types\/page"}],"author":[{"embeddable":true,"href":"https:\/\/www.escuelaturismo.org\/ca\/wp-json\/wp\/v2\/users\/1"}],"replies":[{"embeddable":true,"href":"https:\/\/www.escuelaturismo.org\/ca\/wp-json\/wp\/v2\/comments?post=993336"}],"version-history":[{"count":2,"href":"https:\/\/www.escuelaturismo.org\/ca\/wp-json\/wp\/v2\/pages\/993336\/revisions"}],"predecessor-version":[{"id":993378,"href":"https:\/\/www.escuelaturismo.org\/ca\/wp-json\/wp\/v2\/pages\/993336\/revisions\/993378"}],"wp:attachment":[{"href":"https:\/\/www.escuelaturismo.org\/ca\/wp-json\/wp\/v2\/media?parent=993336"}],"curies":[{"name":"wp","href":"https:\/\/api.w.org\/{rel}","templated":true}]}}