{"id":993332,"date":"2023-02-27T06:41:37","date_gmt":"2023-02-27T06:41:37","guid":{"rendered":"https:\/\/www.escuelaturismo.org\/avis-legal\/"},"modified":"2023-02-27T11:01:32","modified_gmt":"2023-02-27T11:01:32","slug":"avis-legal","status":"publish","type":"page","link":"https:\/\/www.escuelaturismo.org\/ca\/avis-legal\/","title":{"rendered":"Av\u00eds Legal"},"content":{"rendered":"\t\t<div data-elementor-type=\"wp-page\" data-elementor-id=\"993332\" class=\"elementor elementor-993332 elementor-993299\" data-elementor-post-type=\"page\">\n\t\t\t\t\t\t<section class=\"has_eae_slider elementor-section elementor-top-section elementor-element elementor-element-2dcc6ef elementor-section-height-min-height elementor-section-boxed elementor-section-height-default elementor-section-items-middle\" data-eae-slider=\"25362\" data-id=\"2dcc6ef\" data-element_type=\"section\" data-settings=\"{&quot;background_background&quot;:&quot;classic&quot;}\">\n\t\t\t\t\t\t\t<div class=\"elementor-background-overlay\"><\/div>\n\t\t\t\t\t\t\t<div class=\"elementor-container elementor-column-gap-default\">\n\t\t\t\t\t<div class=\"has_eae_slider elementor-column elementor-col-100 elementor-top-column elementor-element elementor-element-387a2b2\" data-eae-slider=\"55169\" data-id=\"387a2b2\" data-element_type=\"column\" data-settings=\"{&quot;background_background&quot;:&quot;classic&quot;}\">\n\t\t\t<div class=\"elementor-widget-wrap\">\n\t\t\t\t\t\t\t<\/div>\n\t\t<\/div>\n\t\t\t\t\t<\/div>\n\t\t<\/section>\n\t\t\t\t<section class=\"has_eae_slider elementor-section elementor-top-section elementor-element elementor-element-20d594f elementor-section-boxed elementor-section-height-default elementor-section-height-default\" data-eae-slider=\"99625\" data-id=\"20d594f\" data-element_type=\"section\">\n\t\t\t\t\t\t<div class=\"elementor-container elementor-column-gap-no\">\n\t\t\t\t\t<div class=\"has_eae_slider elementor-column elementor-col-50 elementor-top-column elementor-element elementor-element-8edd659 animated-fast elementor-invisible\" data-eae-slider=\"75342\" data-id=\"8edd659\" data-element_type=\"column\" data-settings=\"{&quot;background_background&quot;:&quot;classic&quot;,&quot;animation&quot;:&quot;fadeIn&quot;,&quot;animation_tablet&quot;:&quot;none&quot;,&quot;animation_mobile&quot;:&quot;none&quot;,&quot;animation_delay&quot;:100}\">\n\t\t\t<div class=\"elementor-widget-wrap elementor-element-populated\">\n\t\t\t\t\t\t<div class=\"elementor-element elementor-element-0c4dd21 entry-box elementor-widget elementor-widget-heading\" data-id=\"0c4dd21\" data-element_type=\"widget\" data-settings=\"{&quot;_animation&quot;:&quot;none&quot;,&quot;_animation_tablet&quot;:&quot;none&quot;,&quot;_animation_mobile&quot;:&quot;none&quot;,&quot;_animation_delay&quot;:100}\" data-widget_type=\"heading.default\">\n\t\t\t\t<div class=\"elementor-widget-container\">\n\t\t\t\t\t<h1 class=\"elementor-heading-title elementor-size-default\">Av\u00eds Legal<\/h1>\t\t\t\t<\/div>\n\t\t\t\t<\/div>\n\t\t\t\t\t<\/div>\n\t\t<\/div>\n\t\t\t\t<div class=\"has_eae_slider elementor-column elementor-col-50 elementor-top-column elementor-element elementor-element-0cff86a elementor-hidden-phone\" data-eae-slider=\"57921\" data-id=\"0cff86a\" data-element_type=\"column\">\n\t\t\t<div class=\"elementor-widget-wrap\">\n\t\t\t\t\t\t\t<\/div>\n\t\t<\/div>\n\t\t\t\t\t<\/div>\n\t\t<\/section>\n\t\t\t\t<section class=\"has_eae_slider elementor-section elementor-top-section elementor-element elementor-element-e6ad6ec elementor-section-boxed elementor-section-height-default elementor-section-height-default\" data-eae-slider=\"62788\" data-id=\"e6ad6ec\" data-element_type=\"section\">\n\t\t\t\t\t\t<div class=\"elementor-container elementor-column-gap-default\">\n\t\t\t\t\t<div class=\"has_eae_slider elementor-column elementor-col-100 elementor-top-column elementor-element elementor-element-577fc8e\" data-eae-slider=\"45873\" data-id=\"577fc8e\" data-element_type=\"column\">\n\t\t\t<div class=\"elementor-widget-wrap elementor-element-populated\">\n\t\t\t\t\t\t<div class=\"elementor-element elementor-element-37180c4 elementor-widget elementor-widget-text-editor\" data-id=\"37180c4\" data-element_type=\"widget\" data-widget_type=\"text-editor.default\">\n\t\t\t\t<div class=\"elementor-widget-container\">\n\t\t\t\t\t\t\t\t\t<p><strong>CONDICIONS LEGALS I LA SEVA ACCEPTACI\u00d3<\/strong><\/p>\n<p>Aquestes condicions generals regulen l&#8217;\u00fas del servei del portal d&#8217;Internet<a href=\"http:\/\/www.escuelaturismo.org\/ES\">http:\/\/www.escuelaturismo.org\/ES<\/a><\/p>\n<p><strong>OBJECTE<\/strong><\/p>\n<p>A trav\u00e9s del portal, <a href=\"http:\/\/www.escuelaturismo.org\/ES\/\">http:\/\/www.escuelaturismo.org\/ES\/<\/a> es facilita als usuaris l&#8217;acc\u00e9s i la utilitzaci\u00f3 de diversos serveis i continguts que estan a disposici\u00f3 dels diferents usuaris. L&#8217;Escola de Turisme del Consell d&#8217;Eivissa es reserva el dret de modificar unilateralment, en qualsevol moment i sense av\u00eds previ, la presentaci\u00f3 i la configuraci\u00f3 del web, aix\u00ed com tamb\u00e9 es reserva el dret de modificar o eliminar alguns serveis i utilitats.<\/p>\n<p><strong>CONDICIONS D&#8217;ACC\u00c9S I FUNCIONAMENT DEL PORTAL<\/strong><\/p>\n<ul>\n<li><a href=\"http:\/\/www.escuelaturismo.org\/ES\/\">http:\/\/www.escuelaturismo.org\/ES\/<\/a> \u00e9s un portal totalment gratu\u00eft per als usuaris. Aix\u00f2 no obstant, la utilitzaci\u00f3 de certs serveis s&#8217;ha de realitzar mitjan\u00e7ant subscripci\u00f3 pr\u00e8via.<\/li>\n<li>L&#8217;usuari es compromet a utilitzar el portal correctament i d&#8217;acord amb la llei. En cas de provocar perjudicis al portal ser\u00e0 responsable dels danys provocats.<\/li>\n<li><a href=\"http:\/\/www.escuelaturismo.org\/ES\/\">http:\/\/www.escuelaturismo.org\/ES\/<\/a> no es fa c\u00e0rrec del mal \u00fas del portal i d&#8217;irregularitats als PC dels usuaris, de les quals seran responsables els mateixos usuaris.<\/li>\n<\/ul>\n<p><strong>POL\u00cdTICA DE PRIVACITAT DE DADES PERSONALS<\/strong><\/p>\n<p>La Pol\u00edtica de Privadesa forma part de les Condicions Generals que regeixen la P\u00e0gina\u00a0<a href=\"http:\/\/www.escuelaturismo.org\/ES\/\">http:\/\/www.escuelaturismo.org\/ES\/<\/a> juntament amb la Pol\u00edtica de Cookies i l&#8217;Av\u00eds Legal.<\/p>\n<p>L&#8217;Escola de Turisme del Consell d&#8217;Eivissa respecta la legislaci\u00f3 vigent en mat\u00e8ria de protecci\u00f3 de dades personals, la privadesa dels usuaris i el secret i seguretat de les dades personals, de conformitat amb el que estableix la legislaci\u00f3 aplicable en mat\u00e8ria de protecci\u00f3 de dades dades, en concret, el Reglament 2016\/679 del Parlament Europeu i del Consell de 27 d&#8217;abril del 2016 i la Llei Org\u00e0nica de Protecci\u00f3 de Dades i Garantia de Drets Digitals 3\/2018, de 5 de desembre i de les seves normes de desenvolupament, adoptant les mesures t\u00e8cniques i organitzatives necess\u00e0ries per evitar la p\u00e8rdua, mal \u00fas, alteraci\u00f3, acc\u00e9s no autoritzat i robatori de les dades personals facilitades, tenint en compte l&#8217;estat de la tecnologia, la naturalesa de les dades i els riscos a qu\u00e8 estan exposats.<\/p>\n<p><strong>Qui \u00e9s el Responsable del tractament de les vostres dades personals?<\/strong><\/p>\n<p>Les dades que es recullin o ens facilitis volunt\u00e0riament per mitj\u00e0 de la P\u00e0gina Web, ja sigui per la navegaci\u00f3 a la mateixa, aix\u00ed com tots aquells que ens puguis facilitar als formularis de contacte, via email o per tel\u00e8fon, seran demanats i tractats per el Responsable del Tractament, les dades del qual s&#8217;indiquen a continuaci\u00f3<\/p>\n<ul>\n<li>Responsable del Tractament: Escola de Turisme del Consell dEivissa<\/li>\n<li>CIF: G-07937709<\/li>\n<li>Adre\u00e7a: av. d&#8217;Espanya, 49 CP: 07800 &#8211; Eivissa (Illes Balears).<\/li>\n<li>Tel\u00e8fon: 971 307 255<\/li>\n<li>WEB:\u00a0<a href=\"http:\/\/www.escuelaturismo.org\/ES\/\">http:\/\/www.escuelaturismo.org\/ES\/<\/a><\/li>\n<li>Email: <a href=\"mailto:secretaria@escuelaturismo.org\">secretaria@escuelaturismo.org<\/a><\/li>\n<\/ul>\n<p><strong>Amb quines finalitats tractarem les vostres dades personals?<\/strong><\/p>\n<ul>\n<li>Contestar les teves consultes, sol\u00b7licituds o peticions.<\/li>\n<li>Gestionar el servei sol\u00b7licitat, contestar la teva sol\u00b7licitud o tramitar la teva petici\u00f3 de les diferents propostes que proposem des de la nostra WEB.<\/li>\n<li>Informaci\u00f3 per mitjans electr\u00f2nics, que versin sobre la teva sol\u00b7licitud.<\/li>\n<li>Per a tractament de les diferents finalitats en funci\u00f3 dels serveis que siguin objecte de prestaci\u00f3 i, en tot cas, per mantenir el contacte i la comunicaci\u00f3 amb aquestes.<\/li>\n<li>Informaci\u00f3 general o esdeveniments per mitjans electr\u00f2nics, sempre que hi hagi autoritzaci\u00f3 expressa.<\/li>\n<li>Realitzar an\u00e0lisis i millores a la Web, sobre els nostres serveis.<\/li>\n<\/ul>\n<p><strong>Quina \u00e9s la legitimaci\u00f3 per al tractament de les vostres dades?<\/strong><\/p>\n<p>RGPD 2016\/679 &#8211; Article 6.1a) l&#8217;interessat va donar el seu consentiment per al tractament de les seves dades personals per a un o diversos fins espec\u00edfics.<\/p>\n<p>Compliment d&#8217;obligacions legals per part nostra.<\/p>\n<p>Compliment per lEscola duna missi\u00f3 realitzada en inter\u00e8s p\u00fablic o en exercici de Poders P\u00fablics, en altres la protecci\u00f3 dinteressos vitals i en altres lexecuci\u00f3 dun contracte.<\/p>\n<p>L&#8217;acceptaci\u00f3 i el consentiment de l&#8217;interessat: En aquells casos on per realitzar una sol\u00b7licitud sigui necessari emplenar un formulari i fer un &#8220;clic&#8221; al bot\u00f3 d&#8217;enviar, la realitzaci\u00f3 del mateix implicar\u00e0 necess\u00e0riament que ha estat informat i n&#8217;ha atorgat expressament el consentiment al contingut de la cl\u00e0usula annexada a aquest formulari o acceptaci\u00f3 de la pol\u00edtica de privadesa.<\/p>\n<p><strong>A qui us comunicarem les vostres dades?<\/strong><\/p>\n<p>Les dades que ens proporciones podran ser comunicades a terceres entitats per al compliment de fins directament relacionats amb funcions leg\u00edtimes de persona cedent i persona cession\u00e0ria, com a les entitats o organismes als quals hi hagi obligaci\u00f3 legal de realitzar comunicacions de dades, entitats o organitzacions p\u00fabliques o privades amb qu\u00e8 arribem a acords per desenvolupar projectes socials, culturals o esportius o acords de col\u00b7laboraci\u00f3, etc.<\/p>\n<p><strong>Durant quin termini emmagatzemarem les vostres dades?<\/strong><\/p>\n<p>Les dades personals es mantindran mentre es mantingui la vinculaci\u00f3 amb el Responsable. En acabar aquestes dades, les dades personals tractades en cadascuna de les finalitats indicades es mantindran durant els terminis legalment previstos o durant el termini que un jutge o tribunal els pugui requerir atenent el termini de prescripci\u00f3 d&#8217;accions judicials. Les dades tractades es mantindran mentre no expirin els terminis legals al\u00b7ludits anteriorment, si hi hagu\u00e9s obligaci\u00f3 legal de manteniment, o de no existir aquest termini legal, fins que l&#8217;interessat sol\u00b7licite la supressi\u00f3 o revoqui el consentiment atorgat.<\/p>\n<p><strong>Quins s\u00f3n els vostres drets?<\/strong><\/p>\n<ul>\n<li>\u00c9s a dir, si estem tractant les seves dades o no.<\/li>\n<li>A accedir a les vostres dades personals.<\/li>\n<li>A sol\u00b7licitar la rectificaci\u00f3 de les vostres dades si s\u00f3n inexactes.<\/li>\n<li>A sol\u00b7licitar la supressi\u00f3 de les vostres dades si ja no s\u00f3n necess\u00e0ries per als fins per als quals van ser recollits o si ens retira el consentiment atorgat.<\/li>\n<li>A sol\u00b7licitar el dret a oposar-se a un tractament determinat basat en el consentiment de l&#8217;interessat.<\/li>\n<li>A sol\u00b7licitar la limitaci\u00f3 del tractament de les vostres dades, en alguns sup\u00f2sits, cas en qu\u00e8 nom\u00e9s es conservaran d&#8217;acord amb la normativa vigent.<\/li>\n<li>A portar les vostres dades, que us seran facilitades en un format estructurat, d&#8217;\u00fas com\u00fa o lectura mec\u00e0nica.<\/li>\n<li>A presentar una reclamaci\u00f3 davant del Delegat de Protecci\u00f3 de Dades (si escau) o davant l&#8217;Ag\u00e8ncia Espanyola de Protecci\u00f3 de Dades o autoritat de control competent, si creu que no l&#8217;hem at\u00e8s correctament.<\/li>\n<li>A revocar el consentiment per a cada finalitat espec\u00edfica, sense que aix\u00f2 afecti la licitud del tractament basat en el consentiment expr\u00e9s.<\/li>\n<\/ul>\n<p><strong>Com podeu exercir els vostres drets?<\/strong><\/p>\n<p>Us informem que podreu exercir els drets d&#8217;acc\u00e9s, rectificaci\u00f3, supressi\u00f3 i oposici\u00f3, mitjan\u00e7ant escrit juntament amb fotoc\u00f2pia de DNI o document oficial que en permeti la identificaci\u00f3, a:<\/p>\n<ul>\n<li>Escuela de Turismo del Consell d&#8217;Eivissa<\/li>\n<li>d&#8217;Espanya, 49 CP: 07800 &#8211; Eivissa (Illes Balears).<\/li>\n<\/ul>\n<p>En determinats sup\u00f2sits l&#8217;interessat podr\u00e0 sol\u00b7licitar la limitaci\u00f3 del tractament de les seves dades, cas en qu\u00e8 nom\u00e9s les conservarem d&#8217;acord amb la normativa vigent.<\/p>\n<p>En determinats sup\u00f2sits podeu exercitar el vostre dret a la portabilitat de les dades, que seran lliurats en un format estructurat, d&#8217;\u00fas com\u00fa o lectura mec\u00e0nica a vost\u00e8 o al nou responsable de tractament que designi.<\/p>\n<p>T\u00e9 dret a revocar en qualsevol moment el consentiment per a qualsevol dels tractaments per als quals ho ha atorgat.<\/p>\n<p>Se n&#8217;informa l&#8217;interessat o el representant, que podr\u00e0 presentar una reclamaci\u00f3 davant l&#8217;Ag\u00e8ncia Espanyola de Protecci\u00f3 de Dades, en el sup\u00f2sit que consideri que no s&#8217;ha at\u00e8s convenientment l&#8217;exercici dels seus drets.<\/p>\n<p><strong>Canvis a la Pol\u00edtica de Privadesa:<\/strong><\/p>\n<p>L&#8217;Escola de Turisme del Consell d&#8217;Eivissa es reserva el dret de modificar o adaptar aquesta Pol\u00edtica de Privadesa en tot moment. Per tant, us recomanem que reviseu la mateixa cada vegada que accediu a la P\u00e0gina Web. En cas que usuari s&#8217;hagi registrat a la p\u00e0gina web i accedeixi al seu compte o perfil, en accedir-hi, se l&#8217;informar\u00e0 en cas que hi hagi hagut modificacions substancials en relaci\u00f3 amb el tractament de les seves dades personals.<\/p>\n\t\t\t\t\t\t\t\t<\/div>\n\t\t\t\t<\/div>\n\t\t\t\t\t<\/div>\n\t\t<\/div>\n\t\t\t\t\t<\/div>\n\t\t<\/section>\n\t\t\t\t<\/div>\n\t\t","protected":false},"excerpt":{"rendered":"<p>Av\u00eds Legal CONDICIONS LEGALS I LA SEVA ACCEPTACI\u00d3 Aquestes condicions generals regulen l&#8217;\u00fas del servei del portal d&#8217;Internethttp:\/\/www.escuelaturismo.org\/ES OBJECTE A trav\u00e9s del portal, http:\/\/www.escuelaturismo.org\/ES\/ es facilita als usuaris l&#8217;acc\u00e9s i la utilitzaci\u00f3 de diversos serveis i continguts que estan a disposici\u00f3 dels diferents usuaris. L&#8217;Escola de Turisme del Consell d&#8217;Eivissa es reserva el dret de&#8230;<\/p>\n","protected":false},"author":1,"featured_media":0,"parent":0,"menu_order":0,"comment_status":"closed","ping_status":"closed","template":"","meta":{"footnotes":""},"class_list":["post-993332","page","type-page","status-publish","hentry"],"yoast_head":"<!-- This site is optimized with the Yoast SEO plugin v26.3 - https:\/\/yoast.com\/wordpress\/plugins\/seo\/ -->\n<title>Av\u00eds Legal - Escuela de Turismo de Ibiza<\/title>\n<meta name=\"robots\" content=\"index, follow, max-snippet:-1, max-image-preview:large, max-video-preview:-1\" \/>\n<link rel=\"canonical\" href=\"https:\/\/www.escuelaturismo.org\/ca\/avis-legal\/\" \/>\n<meta property=\"og:locale\" content=\"ca_ES\" \/>\n<meta property=\"og:type\" content=\"article\" \/>\n<meta property=\"og:title\" content=\"Av\u00eds Legal - Escuela de Turismo de Ibiza\" \/>\n<meta property=\"og:description\" content=\"Av\u00eds Legal CONDICIONS LEGALS I LA SEVA ACCEPTACI\u00d3 Aquestes condicions generals regulen l&#8217;\u00fas del servei del portal d&#8217;Internethttp:\/\/www.escuelaturismo.org\/ES OBJECTE A trav\u00e9s del portal, http:\/\/www.escuelaturismo.org\/ES\/ es facilita als usuaris l&#8217;acc\u00e9s i la utilitzaci\u00f3 de diversos serveis i continguts que estan a disposici\u00f3 dels diferents usuaris. L&#8217;Escola de Turisme del Consell d&#8217;Eivissa es reserva el dret de...\" \/>\n<meta property=\"og:url\" content=\"https:\/\/www.escuelaturismo.org\/ca\/avis-legal\/\" \/>\n<meta property=\"og:site_name\" content=\"Escuela de Turismo de Ibiza\" \/>\n<meta property=\"article:modified_time\" content=\"2023-02-27T11:01:32+00:00\" \/>\n<meta name=\"twitter:card\" content=\"summary_large_image\" \/>\n<meta name=\"twitter:label1\" content=\"Temps estimat de lectura\" \/>\n\t<meta name=\"twitter:data1\" content=\"7 minuts\" \/>\n<script type=\"application\/ld+json\" class=\"yoast-schema-graph\">{\"@context\":\"https:\/\/schema.org\",\"@graph\":[{\"@type\":\"WebPage\",\"@id\":\"https:\/\/www.escuelaturismo.org\/ca\/avis-legal\/\",\"url\":\"https:\/\/www.escuelaturismo.org\/ca\/avis-legal\/\",\"name\":\"Av\u00eds Legal - Escuela de Turismo de Ibiza\",\"isPartOf\":{\"@id\":\"https:\/\/www.escuelaturismo.org\/ca\/#website\"},\"datePublished\":\"2023-02-27T06:41:37+00:00\",\"dateModified\":\"2023-02-27T11:01:32+00:00\",\"breadcrumb\":{\"@id\":\"https:\/\/www.escuelaturismo.org\/ca\/avis-legal\/#breadcrumb\"},\"inLanguage\":\"ca\",\"potentialAction\":[{\"@type\":\"ReadAction\",\"target\":[\"https:\/\/www.escuelaturismo.org\/ca\/avis-legal\/\"]}]},{\"@type\":\"BreadcrumbList\",\"@id\":\"https:\/\/www.escuelaturismo.org\/ca\/avis-legal\/#breadcrumb\",\"itemListElement\":[{\"@type\":\"ListItem\",\"position\":1,\"name\":\"Home\",\"item\":\"https:\/\/www.escuelaturismo.org\/ca\/\"},{\"@type\":\"ListItem\",\"position\":2,\"name\":\"Av\u00eds Legal\"}]},{\"@type\":\"WebSite\",\"@id\":\"https:\/\/www.escuelaturismo.org\/ca\/#website\",\"url\":\"https:\/\/www.escuelaturismo.org\/ca\/\",\"name\":\"Escuela de Turismo de Ibiza\",\"description\":\"Escuela de Turismo de Ibiza\",\"publisher\":{\"@id\":\"https:\/\/www.escuelaturismo.org\/ca\/#organization\"},\"potentialAction\":[{\"@type\":\"SearchAction\",\"target\":{\"@type\":\"EntryPoint\",\"urlTemplate\":\"https:\/\/www.escuelaturismo.org\/ca\/?s={search_term_string}\"},\"query-input\":{\"@type\":\"PropertyValueSpecification\",\"valueRequired\":true,\"valueName\":\"search_term_string\"}}],\"inLanguage\":\"ca\"},{\"@type\":\"Organization\",\"@id\":\"https:\/\/www.escuelaturismo.org\/ca\/#organization\",\"name\":\"Escuela de Turismo de Ibiza\",\"url\":\"https:\/\/www.escuelaturismo.org\/ca\/\",\"logo\":{\"@type\":\"ImageObject\",\"inLanguage\":\"ca\",\"@id\":\"https:\/\/www.escuelaturismo.org\/ca\/#\/schema\/logo\/image\/\",\"url\":\"https:\/\/www.escuelaturismo.org\/wp-content\/uploads\/2023\/01\/logo-ETI-header.svg\",\"contentUrl\":\"https:\/\/www.escuelaturismo.org\/wp-content\/uploads\/2023\/01\/logo-ETI-header.svg\",\"width\":350,\"height\":90,\"caption\":\"Escuela de Turismo de Ibiza\"},\"image\":{\"@id\":\"https:\/\/www.escuelaturismo.org\/ca\/#\/schema\/logo\/image\/\"}}]}<\/script>\n<!-- \/ Yoast SEO plugin. -->","yoast_head_json":{"title":"Av\u00eds Legal - Escuela de Turismo de Ibiza","robots":{"index":"index","follow":"follow","max-snippet":"max-snippet:-1","max-image-preview":"max-image-preview:large","max-video-preview":"max-video-preview:-1"},"canonical":"https:\/\/www.escuelaturismo.org\/ca\/avis-legal\/","og_locale":"ca_ES","og_type":"article","og_title":"Av\u00eds Legal - Escuela de Turismo de Ibiza","og_description":"Av\u00eds Legal CONDICIONS LEGALS I LA SEVA ACCEPTACI\u00d3 Aquestes condicions generals regulen l&#8217;\u00fas del servei del portal d&#8217;Internethttp:\/\/www.escuelaturismo.org\/ES OBJECTE A trav\u00e9s del portal, http:\/\/www.escuelaturismo.org\/ES\/ es facilita als usuaris l&#8217;acc\u00e9s i la utilitzaci\u00f3 de diversos serveis i continguts que estan a disposici\u00f3 dels diferents usuaris. L&#8217;Escola de Turisme del Consell d&#8217;Eivissa es reserva el dret de...","og_url":"https:\/\/www.escuelaturismo.org\/ca\/avis-legal\/","og_site_name":"Escuela de Turismo de Ibiza","article_modified_time":"2023-02-27T11:01:32+00:00","twitter_card":"summary_large_image","twitter_misc":{"Temps estimat de lectura":"7 minuts"},"schema":{"@context":"https:\/\/schema.org","@graph":[{"@type":"WebPage","@id":"https:\/\/www.escuelaturismo.org\/ca\/avis-legal\/","url":"https:\/\/www.escuelaturismo.org\/ca\/avis-legal\/","name":"Av\u00eds Legal - Escuela de Turismo de Ibiza","isPartOf":{"@id":"https:\/\/www.escuelaturismo.org\/ca\/#website"},"datePublished":"2023-02-27T06:41:37+00:00","dateModified":"2023-02-27T11:01:32+00:00","breadcrumb":{"@id":"https:\/\/www.escuelaturismo.org\/ca\/avis-legal\/#breadcrumb"},"inLanguage":"ca","potentialAction":[{"@type":"ReadAction","target":["https:\/\/www.escuelaturismo.org\/ca\/avis-legal\/"]}]},{"@type":"BreadcrumbList","@id":"https:\/\/www.escuelaturismo.org\/ca\/avis-legal\/#breadcrumb","itemListElement":[{"@type":"ListItem","position":1,"name":"Home","item":"https:\/\/www.escuelaturismo.org\/ca\/"},{"@type":"ListItem","position":2,"name":"Av\u00eds Legal"}]},{"@type":"WebSite","@id":"https:\/\/www.escuelaturismo.org\/ca\/#website","url":"https:\/\/www.escuelaturismo.org\/ca\/","name":"Escuela de Turismo de Ibiza","description":"Escuela de Turismo de Ibiza","publisher":{"@id":"https:\/\/www.escuelaturismo.org\/ca\/#organization"},"potentialAction":[{"@type":"SearchAction","target":{"@type":"EntryPoint","urlTemplate":"https:\/\/www.escuelaturismo.org\/ca\/?s={search_term_string}"},"query-input":{"@type":"PropertyValueSpecification","valueRequired":true,"valueName":"search_term_string"}}],"inLanguage":"ca"},{"@type":"Organization","@id":"https:\/\/www.escuelaturismo.org\/ca\/#organization","name":"Escuela de Turismo de Ibiza","url":"https:\/\/www.escuelaturismo.org\/ca\/","logo":{"@type":"ImageObject","inLanguage":"ca","@id":"https:\/\/www.escuelaturismo.org\/ca\/#\/schema\/logo\/image\/","url":"https:\/\/www.escuelaturismo.org\/wp-content\/uploads\/2023\/01\/logo-ETI-header.svg","contentUrl":"https:\/\/www.escuelaturismo.org\/wp-content\/uploads\/2023\/01\/logo-ETI-header.svg","width":350,"height":90,"caption":"Escuela de Turismo de Ibiza"},"image":{"@id":"https:\/\/www.escuelaturismo.org\/ca\/#\/schema\/logo\/image\/"}}]}},"_links":{"self":[{"href":"https:\/\/www.escuelaturismo.org\/ca\/wp-json\/wp\/v2\/pages\/993332","targetHints":{"allow":["GET"]}}],"collection":[{"href":"https:\/\/www.escuelaturismo.org\/ca\/wp-json\/wp\/v2\/pages"}],"about":[{"href":"https:\/\/www.escuelaturismo.org\/ca\/wp-json\/wp\/v2\/types\/page"}],"author":[{"embeddable":true,"href":"https:\/\/www.escuelaturismo.org\/ca\/wp-json\/wp\/v2\/users\/1"}],"replies":[{"embeddable":true,"href":"https:\/\/www.escuelaturismo.org\/ca\/wp-json\/wp\/v2\/comments?post=993332"}],"version-history":[{"count":5,"href":"https:\/\/www.escuelaturismo.org\/ca\/wp-json\/wp\/v2\/pages\/993332\/revisions"}],"predecessor-version":[{"id":993366,"href":"https:\/\/www.escuelaturismo.org\/ca\/wp-json\/wp\/v2\/pages\/993332\/revisions\/993366"}],"wp:attachment":[{"href":"https:\/\/www.escuelaturismo.org\/ca\/wp-json\/wp\/v2\/media?parent=993332"}],"curies":[{"name":"wp","href":"https:\/\/api.w.org\/{rel}","templated":true}]}}