{"id":992993,"date":"2022-12-21T16:54:33","date_gmt":"2022-12-21T16:54:33","guid":{"rendered":"https:\/\/www.escuelaturismo.org\/sigc\/"},"modified":"2025-07-23T10:10:24","modified_gmt":"2025-07-23T10:10:24","slug":"sigc","status":"publish","type":"page","link":"https:\/\/www.escuelaturismo.org\/ca\/sigc\/","title":{"rendered":"SIGC"},"content":{"rendered":"\t\t<div data-elementor-type=\"wp-page\" data-elementor-id=\"992993\" class=\"elementor elementor-992993 elementor-988271\" data-elementor-post-type=\"page\">\n\t\t\t\t\t\t<section class=\"has_eae_slider elementor-section elementor-top-section elementor-element elementor-element-f613fe2 elementor-section-height-min-height elementor-section-boxed elementor-section-height-default elementor-section-items-middle\" data-eae-slider=\"49375\" data-id=\"f613fe2\" data-element_type=\"section\" data-settings=\"{&quot;background_background&quot;:&quot;classic&quot;}\">\n\t\t\t\t\t\t<div class=\"elementor-container elementor-column-gap-default\">\n\t\t\t\t\t<div class=\"has_eae_slider elementor-column elementor-col-100 elementor-top-column elementor-element elementor-element-e2ab26d\" data-eae-slider=\"84534\" data-id=\"e2ab26d\" data-element_type=\"column\" data-settings=\"{&quot;background_background&quot;:&quot;classic&quot;}\">\n\t\t\t<div class=\"elementor-widget-wrap\">\n\t\t\t\t\t\t\t<\/div>\n\t\t<\/div>\n\t\t\t\t\t<\/div>\n\t\t<\/section>\n\t\t\t\t<section class=\"has_eae_slider elementor-section elementor-top-section elementor-element elementor-element-caaf071 elementor-section-boxed elementor-section-height-default elementor-section-height-default\" data-eae-slider=\"13718\" data-id=\"caaf071\" data-element_type=\"section\">\n\t\t\t\t\t\t<div class=\"elementor-container elementor-column-gap-no\">\n\t\t\t\t\t<div class=\"has_eae_slider elementor-column elementor-col-50 elementor-top-column elementor-element elementor-element-4e79ffa animated-fast entry-box elementor-invisible\" data-eae-slider=\"71787\" data-id=\"4e79ffa\" data-element_type=\"column\" data-settings=\"{&quot;background_background&quot;:&quot;classic&quot;,&quot;animation&quot;:&quot;fadeIn&quot;,&quot;animation_tablet&quot;:&quot;none&quot;,&quot;animation_mobile&quot;:&quot;none&quot;,&quot;animation_delay&quot;:100}\">\n\t\t\t<div class=\"elementor-widget-wrap elementor-element-populated\">\n\t\t\t\t\t\t<div class=\"elementor-element elementor-element-c2112f5 elementor-widget elementor-widget-heading\" data-id=\"c2112f5\" data-element_type=\"widget\" data-widget_type=\"heading.default\">\n\t\t\t\t<div class=\"elementor-widget-container\">\n\t\t\t\t\t<h1 class=\"elementor-heading-title elementor-size-default\">SIGC<\/h1>\t\t\t\t<\/div>\n\t\t\t\t<\/div>\n\t\t\t\t<div class=\"elementor-element elementor-element-d65f78a elementor-widget elementor-widget-text-editor\" data-id=\"d65f78a\" data-element_type=\"widget\" data-widget_type=\"text-editor.default\">\n\t\t\t\t<div class=\"elementor-widget-container\">\n\t\t\t\t\t\t\t\t\t<p>Sistema de garantia intern de qualitat de la UIB.<\/p>\n\t\t\t\t\t\t\t\t<\/div>\n\t\t\t\t<\/div>\n\t\t\t\t\t<\/div>\n\t\t<\/div>\n\t\t\t\t<div class=\"has_eae_slider elementor-column elementor-col-50 elementor-top-column elementor-element elementor-element-1028bc1 elementor-hidden-desktop elementor-hidden-tablet elementor-hidden-phone\" data-eae-slider=\"63180\" data-id=\"1028bc1\" data-element_type=\"column\">\n\t\t\t<div class=\"elementor-widget-wrap\">\n\t\t\t\t\t\t\t<\/div>\n\t\t<\/div>\n\t\t\t\t\t<\/div>\n\t\t<\/section>\n\t\t\t\t<section class=\"has_eae_slider elementor-section elementor-top-section elementor-element elementor-element-3f9e931 elementor-section-boxed elementor-section-height-default elementor-section-height-default\" data-eae-slider=\"57043\" data-id=\"3f9e931\" data-element_type=\"section\">\n\t\t\t\t\t\t<div class=\"elementor-container elementor-column-gap-default\">\n\t\t\t\t\t<div class=\"has_eae_slider elementor-column elementor-col-100 elementor-top-column elementor-element elementor-element-10fcfd3\" data-eae-slider=\"4559\" data-id=\"10fcfd3\" data-element_type=\"column\">\n\t\t\t<div class=\"elementor-widget-wrap elementor-element-populated\">\n\t\t\t\t\t\t<div class=\"elementor-element elementor-element-31a7fa3 superbig-p elementor-widget elementor-widget-text-editor\" data-id=\"31a7fa3\" data-element_type=\"widget\" data-settings=\"{&quot;_animation&quot;:&quot;none&quot;,&quot;_animation_tablet&quot;:&quot;none&quot;,&quot;_animation_mobile&quot;:&quot;none&quot;,&quot;_animation_delay&quot;:300}\" data-widget_type=\"text-editor.default\">\n\t\t\t\t<div class=\"elementor-widget-container\">\n\t\t\t\t\t\t\t\t\t<p>Les sigles SIGC corresponen a Sistema Intern de Garantia de Qualitat, el principal prop\u00f2sit del qual \u00e9s controlat permament per la Comissi\u00f3 de Qualitat de l&#8217;Escola.<\/p>\t\t\t\t\t\t\t\t<\/div>\n\t\t\t\t<\/div>\n\t\t\t\t\t<\/div>\n\t\t<\/div>\n\t\t\t\t\t<\/div>\n\t\t<\/section>\n\t\t\t\t<section class=\"has_eae_slider elementor-section elementor-top-section elementor-element elementor-element-ffe0a85 elementor-section-boxed elementor-section-height-default elementor-section-height-default\" data-eae-slider=\"21456\" data-id=\"ffe0a85\" data-element_type=\"section\">\n\t\t\t\t\t\t<div class=\"elementor-container elementor-column-gap-default\">\n\t\t\t\t\t<div class=\"has_eae_slider elementor-column elementor-col-100 elementor-top-column elementor-element elementor-element-9dd2dbc\" data-eae-slider=\"47750\" data-id=\"9dd2dbc\" data-element_type=\"column\">\n\t\t\t<div class=\"elementor-widget-wrap elementor-element-populated\">\n\t\t\t\t\t\t<div class=\"elementor-element elementor-element-6105d60 elementor-widget elementor-widget-toggle\" data-id=\"6105d60\" data-element_type=\"widget\" data-widget_type=\"toggle.default\">\n\t\t\t\t<div class=\"elementor-widget-container\">\n\t\t\t\t\t\t\t<div class=\"elementor-toggle\">\n\t\t\t\t\t\t\t<div class=\"elementor-toggle-item\">\n\t\t\t\t\t<h3 id=\"elementor-tab-title-1011\" class=\"elementor-tab-title\" data-tab=\"1\" role=\"button\" aria-controls=\"elementor-tab-content-1011\" aria-expanded=\"false\">\n\t\t\t\t\t\t\t\t\t\t\t\t<span class=\"elementor-toggle-icon elementor-toggle-icon-right\" aria-hidden=\"true\">\n\t\t\t\t\t\t\t\t\t\t\t\t\t\t\t<span class=\"elementor-toggle-icon-closed\"><i class=\"vamtamtheme- vamtam-theme-arrow-down\"><\/i><\/span>\n\t\t\t\t\t\t\t\t<span class=\"elementor-toggle-icon-opened\"><i class=\"elementor-toggle-icon-opened vamtamtheme- vamtam-theme-arrow-up\"><\/i><\/span>\n\t\t\t\t\t\t\t\t\t\t\t\t\t<\/span>\n\t\t\t\t\t\t\t\t\t\t\t\t<a class=\"elementor-toggle-title\" tabindex=\"0\">Composici\u00f3<\/a>\n\t\t\t\t\t<\/h3>\n\n\t\t\t\t\t<div id=\"elementor-tab-content-1011\" class=\"elementor-tab-content elementor-clearfix\" data-tab=\"1\" role=\"region\" aria-labelledby=\"elementor-tab-title-1011\"><p>Es creen les CGQ dels t\u00edtols oficials de la UIB com a comissions permanents que vetllaran per la qualitat dels t\u00edtols oficials i per a la correcta implantaci\u00f3, gesti\u00f3 i coordinaci\u00f3 i el seguiment de les activitats relatives al SGIQ de cada t\u00edtol (acord executiu del Consell de Direcci\u00f3 de la Universitat de les Illes Balears n\u00fam. 9993, de 2 de novembre de 2011 (FOU n\u00fam. 355, de 18 de novembre de 2011).<\/p><p>La seua funci\u00f3 \u00e9s que la CGQ de cada t\u00edtol analitzi i tengui en compte les queixes i els suggeriments rebuts, la satisfacci\u00f3 de l\u2019alumnat i de la resta de membres de la comunitat universit\u00e0ria, els resultats de les pr\u00e0ctiques externes, els resultats de la inserci\u00f3 laboral i la satisfacci\u00f3 de les persones titulades, les opinions dels ocupadors, etc., a l&#8217;hora de fer les propostes.<\/p><p><strong><u>Composici\u00f3 de les CGQ dels t\u00edtols oficials de la UIB<\/u><\/strong><\/p><p>Els centres han de constituir les CGQ dels seus t\u00edtols i la seua composici\u00f3 ha de ser la seg\u00fcent:<\/p><ul><li>La persona responsable de qualitat del t\u00edtol.<\/li><li>Un m\u00ednim de dos professors\/ores que imparteixin doc\u00e8ncia al t\u00edtol elegits per la junta de centre o per l&#8217;organisme que gestioni el m\u00e0ster.<\/li><li>Almenys un\/a alumne\/a de la titulaci\u00f3 elegit per la junta de centre o per l\u2019organisme que gestioni el m\u00e0ster.<\/li><li>Un\/a representant del personal d\u2019administraci\u00f3 i serveis, elegit per la junta de centre o pel Centre d\u2019Estudis de Postgrau.<\/li><\/ul><p>Cada CGQ ha d&#8217;escollir entre els seus membres un secretari, que aixecar\u00e0 actes i custodiar\u00e0 els registres i les evid\u00e8ncies necessaris per a la correcta avaluaci\u00f3 i el seguiment continu del t\u00edtol i per a l&#8217;acreditaci\u00f3 posterior.<\/p><p>En funci\u00f3 dels temes que s&#8217;hagin de tractar, \u00e9s molt recomanable convidar-hi agents interns o externs a la titulaci\u00f3, representants dels grups d&#8217;inter\u00e8s (col\u00b7legi professional, ocupadors, administraci\u00f3 p\u00fablica, graduats, etc.).<\/p><\/div>\n\t\t\t\t<\/div>\n\t\t\t\t\t\t\t<div class=\"elementor-toggle-item\">\n\t\t\t\t\t<h3 id=\"elementor-tab-title-1012\" class=\"elementor-tab-title\" data-tab=\"2\" role=\"button\" aria-controls=\"elementor-tab-content-1012\" aria-expanded=\"false\">\n\t\t\t\t\t\t\t\t\t\t\t\t<span class=\"elementor-toggle-icon elementor-toggle-icon-right\" aria-hidden=\"true\">\n\t\t\t\t\t\t\t\t\t\t\t\t\t\t\t<span class=\"elementor-toggle-icon-closed\"><i class=\"vamtamtheme- vamtam-theme-arrow-down\"><\/i><\/span>\n\t\t\t\t\t\t\t\t<span class=\"elementor-toggle-icon-opened\"><i class=\"elementor-toggle-icon-opened vamtamtheme- vamtam-theme-arrow-up\"><\/i><\/span>\n\t\t\t\t\t\t\t\t\t\t\t\t\t<\/span>\n\t\t\t\t\t\t\t\t\t\t\t\t<a class=\"elementor-toggle-title\" tabindex=\"0\">Funcions<\/a>\n\t\t\t\t\t<\/h3>\n\n\t\t\t\t\t<div id=\"elementor-tab-content-1012\" class=\"elementor-tab-content elementor-clearfix\" data-tab=\"2\" role=\"region\" aria-labelledby=\"elementor-tab-title-1012\"><p><strong><u>Responsable de qualitat<\/u><\/strong><\/p><p>La persona responsable de qualitat \u00e9s el deg\u00e0\/la degana o director\/a de centre o persona en qui delegui, o el\/la director\/a del m\u00e0ster o persona en qui delegui, preferiblement membre de l\u2019equip directiu o del professorat del t\u00edtol.<\/p><p>Les funcions de la persona responsable de qualitat de cada t\u00edtol oficial de grau o de m\u00e0ster de la UIB s\u00f3n les seg\u00fcents:<\/p><ol><li>Liderar i vigilar les activitats relatives a la qualitat del t\u00edtol i del professorat i impulsar la cultura de la qualitat.<\/li><li>Assegurar-se que s\u2019estableixen, s\u2019implanten i es mantenen els processos necessaris per al desenvolupament del SGIQ en relaci\u00f3 amb el t\u00edtol.<\/li><li>Rebre i recopilar la informaci\u00f3 necess\u00e0ria per al seguiment correcte del t\u00edtol, entre altra informaci\u00f3, l&#8217;opini\u00f3 i el nivell de satisfacci\u00f3 dels grups d&#8217;inter\u00e8s, la inserci\u00f3 laboral de l\u2019alumnat graduat i la satisfacci\u00f3 amb el seu programa formatiu, els resultats al desenvolupament dels processos, la valoraci\u00f3 del progr\u00e9s i els resultats d&#8217;aprenentatge, els resultats de la formaci\u00f3, el desenvolupament dels objectius i els resultats de les pr\u00e0ctiques externes i de les activitats de mobilitat.<\/li><li>Revisar peri\u00f2dicament la informaci\u00f3 p\u00fablica del t\u00edtol i assegurar que roman actualitzada i accessible a tots els grups d\u2019inter\u00e8s.<\/li><li>Rebre i recopilar la informaci\u00f3 relativa a l&#8217;avaluaci\u00f3 global del professorat i traslladar-la a la CGQ per analitzar-la i discutir-la.<\/li><li>Convocar i informar la CGQ sobre el desenvolupament del t\u00edtol i de qualsevol necessitat de millora.<\/li><li>Exercir la representaci\u00f3 de la CGQ davant d&#8217;altres \u00f2rgans interns o externs.<\/li><li>Rebre i gestionar les reclamacions, les queixes i els suggeriments que es presentin.<\/li><li>Qualsevol altra que se li encarregui en el nomenament o li assigni la junta de centre o el Centre d&#8217;Estudis de Postgrau.<\/li><\/ol><p><strong><u>Funcions de les CGQ dels t\u00edtols oficials de la UIB<\/u><\/strong><\/p><p>Les funcions de les CGQ dels t\u00edtols oficials de la UIB s\u00f3n les seg\u00fcents:<\/p><ol><li>Vetllar per la qualitat del t\u00edtol i del professorat.<\/li><li>Verificar la implantaci\u00f3 del SGIQ.<\/li><li>Desenvolupar la pol\u00edtica de qualitat de la instituci\u00f3 en l&#8217;\u00e0mbit del t\u00edtol, verificar-ne el compliment i rendir comptes a la junta de centre o al Centre d&#8217;Estudis de Postgrau.<\/li><li>Realitzar el seguiment de l&#8217;efic\u00e0cia dels processos, analitzar els resultats i les informacions que rebin en relaci\u00f3 amb la satisfacci\u00f3 dels grups d&#8217;inter\u00e8s, la inserci\u00f3 laboral dels graduats, la valoraci\u00f3 del progr\u00e9s i els resultats d&#8217;aprenentatge, el desenvolupament de les pr\u00e0ctiques externes i dels programes de mobilitat i altres informacions i fer propostes d\u2019actuaci\u00f3 per tal de millorar cont\u00ednuament el t\u00edtol.<\/li><li>Revisar, analitzar i proposar accions de millora en relaci\u00f3 amb la qualitat de l&#8217;ensenyament i del professorat.<\/li><li>Elaborar la mem\u00f2ria anual de seguiment, avaluaci\u00f3 i millora del t\u00edtol i elevar-la a la junta de centre o al Centre d\u2019Estudis de Postgrau.<\/li><li>Qualsevol altra que els assigni la junta de centre o el Centre d\u2019Estudis de Postgrau.<\/li><\/ol><\/div>\n\t\t\t\t<\/div>\n\t\t\t\t\t\t\t<div class=\"elementor-toggle-item\">\n\t\t\t\t\t<h3 id=\"elementor-tab-title-1013\" class=\"elementor-tab-title\" data-tab=\"3\" role=\"button\" aria-controls=\"elementor-tab-content-1013\" aria-expanded=\"false\">\n\t\t\t\t\t\t\t\t\t\t\t\t<span class=\"elementor-toggle-icon elementor-toggle-icon-right\" aria-hidden=\"true\">\n\t\t\t\t\t\t\t\t\t\t\t\t\t\t\t<span class=\"elementor-toggle-icon-closed\"><i class=\"vamtamtheme- vamtam-theme-arrow-down\"><\/i><\/span>\n\t\t\t\t\t\t\t\t<span class=\"elementor-toggle-icon-opened\"><i class=\"elementor-toggle-icon-opened vamtamtheme- vamtam-theme-arrow-up\"><\/i><\/span>\n\t\t\t\t\t\t\t\t\t\t\t\t\t<\/span>\n\t\t\t\t\t\t\t\t\t\t\t\t<a class=\"elementor-toggle-title\" tabindex=\"0\"> Membres<\/a>\n\t\t\t\t\t<\/h3>\n\n\t\t\t\t\t<div id=\"elementor-tab-content-1013\" class=\"elementor-tab-content elementor-clearfix\" data-tab=\"3\" role=\"region\" aria-labelledby=\"elementor-tab-title-1013\"><p>Membres de la Comissi\u00f3 de Qualitat:<\/p><ul><li>Pedro Antonio Rivas Yarza, Director Escola de Turisme<\/li><li>Jose Ram\u00f3n Soler Fuensanta, Responsable de qualitat<\/li><li>Yolanda Ortiz Bl\u00e1zquez, personal docent investigador<\/li><li>Vicente Guasch Portas, personal docent investigador<\/li><li>Gerard Mora Ferragut, personal docent investigador<\/li><li>Esperanza Ribas Cardona, personal d&#8217;administraci\u00f3 i serveis<\/li><li>Aurora Vargas Friori, personal de d&#8217;administraci\u00f3 i serveis<\/li><li>Representante alumnos<\/li><\/ul><\/div>\n\t\t\t\t<\/div>\n\t\t\t\t\t\t\t<div class=\"elementor-toggle-item\">\n\t\t\t\t\t<h3 id=\"elementor-tab-title-1014\" class=\"elementor-tab-title\" data-tab=\"4\" role=\"button\" aria-controls=\"elementor-tab-content-1014\" aria-expanded=\"false\">\n\t\t\t\t\t\t\t\t\t\t\t\t<span class=\"elementor-toggle-icon elementor-toggle-icon-right\" aria-hidden=\"true\">\n\t\t\t\t\t\t\t\t\t\t\t\t\t\t\t<span class=\"elementor-toggle-icon-closed\"><i class=\"vamtamtheme- vamtam-theme-arrow-down\"><\/i><\/span>\n\t\t\t\t\t\t\t\t<span class=\"elementor-toggle-icon-opened\"><i class=\"elementor-toggle-icon-opened vamtamtheme- vamtam-theme-arrow-up\"><\/i><\/span>\n\t\t\t\t\t\t\t\t\t\t\t\t\t<\/span>\n\t\t\t\t\t\t\t\t\t\t\t\t<a class=\"elementor-toggle-title\" tabindex=\"0\">Sistema de garantia intern de qualitat<\/a>\n\t\t\t\t\t<\/h3>\n\n\t\t\t\t\t<div id=\"elementor-tab-content-1014\" class=\"elementor-tab-content elementor-clearfix\" data-tab=\"4\" role=\"region\" aria-labelledby=\"elementor-tab-title-1014\"><p id=\"tw-target-text\" class=\"tw-data-text tw-text-large tw-ta\" dir=\"ltr\" data-placeholder=\"Traducci\u00f3n\"><span class=\"Y2IQFc\" lang=\"ca\">Acc\u00e9s directe a aquesta informaci\u00f3 en aquest enlla\u00e7 UIB:<br \/><\/span><a href=\"https:\/\/qualitat.uib.cat\/SGIQ\/ \">https:\/\/qualitat.uib.cat\/SGIQ\/ <\/a><\/p><\/div>\n\t\t\t\t<\/div>\n\t\t\t\t\t\t\t<div class=\"elementor-toggle-item\">\n\t\t\t\t\t<h3 id=\"elementor-tab-title-1015\" class=\"elementor-tab-title\" data-tab=\"5\" role=\"button\" aria-controls=\"elementor-tab-content-1015\" aria-expanded=\"false\">\n\t\t\t\t\t\t\t\t\t\t\t\t<span class=\"elementor-toggle-icon elementor-toggle-icon-right\" aria-hidden=\"true\">\n\t\t\t\t\t\t\t\t\t\t\t\t\t\t\t<span class=\"elementor-toggle-icon-closed\"><i class=\"vamtamtheme- vamtam-theme-arrow-down\"><\/i><\/span>\n\t\t\t\t\t\t\t\t<span class=\"elementor-toggle-icon-opened\"><i class=\"elementor-toggle-icon-opened vamtamtheme- vamtam-theme-arrow-up\"><\/i><\/span>\n\t\t\t\t\t\t\t\t\t\t\t\t\t<\/span>\n\t\t\t\t\t\t\t\t\t\t\t\t<a class=\"elementor-toggle-title\" tabindex=\"0\">Procediment davant queixes, reclamacions i suggeriments<\/a>\n\t\t\t\t\t<\/h3>\n\n\t\t\t\t\t<div id=\"elementor-tab-content-1015\" class=\"elementor-tab-content elementor-clearfix\" data-tab=\"5\" role=\"region\" aria-labelledby=\"elementor-tab-title-1015\"><p id=\"tw-target-text\" class=\"tw-data-text tw-text-large tw-ta\" dir=\"ltr\" data-placeholder=\"Traducci\u00f3n\"><span class=\"Y2IQFc\" lang=\"ca\">Acc\u00e9s directe a aquesta informaci\u00f3 en aquest PDF: &#8221; <a href=\"https:\/\/www.escuelaturismo.org\/wp-content\/uploads\/2023\/02\/Procedimiento-ante-quejas-CAT.pdf\">Queixes i suggeriments<\/a>&#8220;<\/span><\/p><\/div>\n\t\t\t\t<\/div>\n\t\t\t\t\t\t\t<div class=\"elementor-toggle-item\">\n\t\t\t\t\t<h3 id=\"elementor-tab-title-1016\" class=\"elementor-tab-title\" data-tab=\"6\" role=\"button\" aria-controls=\"elementor-tab-content-1016\" aria-expanded=\"false\">\n\t\t\t\t\t\t\t\t\t\t\t\t<span class=\"elementor-toggle-icon elementor-toggle-icon-right\" aria-hidden=\"true\">\n\t\t\t\t\t\t\t\t\t\t\t\t\t\t\t<span class=\"elementor-toggle-icon-closed\"><i class=\"vamtamtheme- vamtam-theme-arrow-down\"><\/i><\/span>\n\t\t\t\t\t\t\t\t<span class=\"elementor-toggle-icon-opened\"><i class=\"elementor-toggle-icon-opened vamtamtheme- vamtam-theme-arrow-up\"><\/i><\/span>\n\t\t\t\t\t\t\t\t\t\t\t\t\t<\/span>\n\t\t\t\t\t\t\t\t\t\t\t\t<a class=\"elementor-toggle-title\" tabindex=\"0\">Comprom\u00eds de Qualitat<\/a>\n\t\t\t\t\t<\/h3>\n\n\t\t\t\t\t<div id=\"elementor-tab-content-1016\" class=\"elementor-tab-content elementor-clearfix\" data-tab=\"6\" role=\"region\" aria-labelledby=\"elementor-tab-title-1016\"><p id=\"tw-target-text\" class=\"tw-data-text tw-text-large tw-ta\" dir=\"ltr\" data-placeholder=\"Traducci\u00f3n\"><span class=\"Y2IQFc\" lang=\"ca\">Acc\u00e9s directe a aquesta informaci\u00f3 en aquest PDF: &#8221; <a href=\"https:\/\/www.escuelaturismo.org\/wp-content\/uploads\/2025\/07\/CQ_signat__signed.pdf\">Comprom\u00eds de Qualitat<\/a>&#8220;<\/span><\/p><\/div>\n\t\t\t\t<\/div>\n\t\t\t\t\t\t\t\t<\/div>\n\t\t\t\t\t\t<\/div>\n\t\t\t\t<\/div>\n\t\t\t\t\t<\/div>\n\t\t<\/div>\n\t\t\t\t\t<\/div>\n\t\t<\/section>\n\t\t\t\t<\/div>\n\t\t","protected":false},"excerpt":{"rendered":"<p>Sistema de garantia intern de qualitat de la UIB. Les sigles SIGC corresponen a Sistema Intern de Garantia de Qualitat, el principal prop\u00f2sit del qual \u00e9s controlat permament per la Comissi\u00f3 de Qualitat de l&#8217;Escola. Composici\u00f3 Es creen les CGQ dels t\u00edtols oficials de la UIB com a comissions permanents que vetllaran per la qualitat&#8230;<\/p>\n","protected":false},"author":1,"featured_media":0,"parent":0,"menu_order":0,"comment_status":"closed","ping_status":"closed","template":"","meta":{"footnotes":""},"class_list":["post-992993","page","type-page","status-publish","hentry"],"yoast_head":"<!-- This site is optimized with the Yoast SEO plugin v26.3 - https:\/\/yoast.com\/wordpress\/plugins\/seo\/ -->\n<title>SIGC - Escuela de Turismo de Ibiza<\/title>\n<meta name=\"robots\" content=\"index, follow, max-snippet:-1, max-image-preview:large, max-video-preview:-1\" \/>\n<link rel=\"canonical\" href=\"https:\/\/www.escuelaturismo.org\/ca\/sigc\/\" \/>\n<meta property=\"og:locale\" content=\"ca_ES\" \/>\n<meta property=\"og:type\" content=\"article\" \/>\n<meta property=\"og:title\" content=\"SIGC - Escuela de Turismo de Ibiza\" \/>\n<meta property=\"og:description\" content=\"Sistema de garantia intern de qualitat de la UIB. Les sigles SIGC corresponen a Sistema Intern de Garantia de Qualitat, el principal prop\u00f2sit del qual \u00e9s controlat permament per la Comissi\u00f3 de Qualitat de l&#8217;Escola. Composici\u00f3 Es creen les CGQ dels t\u00edtols oficials de la UIB com a comissions permanents que vetllaran per la qualitat...\" \/>\n<meta property=\"og:url\" content=\"https:\/\/www.escuelaturismo.org\/ca\/sigc\/\" \/>\n<meta property=\"og:site_name\" content=\"Escuela de Turismo de Ibiza\" \/>\n<meta property=\"article:modified_time\" content=\"2025-07-23T10:10:24+00:00\" \/>\n<meta name=\"twitter:card\" content=\"summary_large_image\" \/>\n<meta name=\"twitter:label1\" content=\"Temps estimat de lectura\" \/>\n\t<meta name=\"twitter:data1\" content=\"5 minuts\" \/>\n<script type=\"application\/ld+json\" class=\"yoast-schema-graph\">{\"@context\":\"https:\/\/schema.org\",\"@graph\":[{\"@type\":\"WebPage\",\"@id\":\"https:\/\/www.escuelaturismo.org\/ca\/sigc\/\",\"url\":\"https:\/\/www.escuelaturismo.org\/ca\/sigc\/\",\"name\":\"SIGC - Escuela de Turismo de Ibiza\",\"isPartOf\":{\"@id\":\"https:\/\/www.escuelaturismo.org\/ca\/#website\"},\"datePublished\":\"2022-12-21T16:54:33+00:00\",\"dateModified\":\"2025-07-23T10:10:24+00:00\",\"breadcrumb\":{\"@id\":\"https:\/\/www.escuelaturismo.org\/ca\/sigc\/#breadcrumb\"},\"inLanguage\":\"ca\",\"potentialAction\":[{\"@type\":\"ReadAction\",\"target\":[\"https:\/\/www.escuelaturismo.org\/ca\/sigc\/\"]}]},{\"@type\":\"BreadcrumbList\",\"@id\":\"https:\/\/www.escuelaturismo.org\/ca\/sigc\/#breadcrumb\",\"itemListElement\":[{\"@type\":\"ListItem\",\"position\":1,\"name\":\"Home\",\"item\":\"https:\/\/www.escuelaturismo.org\/ca\/\"},{\"@type\":\"ListItem\",\"position\":2,\"name\":\"SIGC\"}]},{\"@type\":\"WebSite\",\"@id\":\"https:\/\/www.escuelaturismo.org\/ca\/#website\",\"url\":\"https:\/\/www.escuelaturismo.org\/ca\/\",\"name\":\"Escuela de Turismo de Ibiza\",\"description\":\"Escuela de Turismo de Ibiza\",\"publisher\":{\"@id\":\"https:\/\/www.escuelaturismo.org\/ca\/#organization\"},\"potentialAction\":[{\"@type\":\"SearchAction\",\"target\":{\"@type\":\"EntryPoint\",\"urlTemplate\":\"https:\/\/www.escuelaturismo.org\/ca\/?s={search_term_string}\"},\"query-input\":{\"@type\":\"PropertyValueSpecification\",\"valueRequired\":true,\"valueName\":\"search_term_string\"}}],\"inLanguage\":\"ca\"},{\"@type\":\"Organization\",\"@id\":\"https:\/\/www.escuelaturismo.org\/ca\/#organization\",\"name\":\"Escuela de Turismo de Ibiza\",\"url\":\"https:\/\/www.escuelaturismo.org\/ca\/\",\"logo\":{\"@type\":\"ImageObject\",\"inLanguage\":\"ca\",\"@id\":\"https:\/\/www.escuelaturismo.org\/ca\/#\/schema\/logo\/image\/\",\"url\":\"https:\/\/www.escuelaturismo.org\/wp-content\/uploads\/2023\/01\/logo-ETI-header.svg\",\"contentUrl\":\"https:\/\/www.escuelaturismo.org\/wp-content\/uploads\/2023\/01\/logo-ETI-header.svg\",\"width\":350,\"height\":90,\"caption\":\"Escuela de Turismo de Ibiza\"},\"image\":{\"@id\":\"https:\/\/www.escuelaturismo.org\/ca\/#\/schema\/logo\/image\/\"}}]}<\/script>\n<!-- \/ Yoast SEO plugin. -->","yoast_head_json":{"title":"SIGC - Escuela de Turismo de Ibiza","robots":{"index":"index","follow":"follow","max-snippet":"max-snippet:-1","max-image-preview":"max-image-preview:large","max-video-preview":"max-video-preview:-1"},"canonical":"https:\/\/www.escuelaturismo.org\/ca\/sigc\/","og_locale":"ca_ES","og_type":"article","og_title":"SIGC - Escuela de Turismo de Ibiza","og_description":"Sistema de garantia intern de qualitat de la UIB. Les sigles SIGC corresponen a Sistema Intern de Garantia de Qualitat, el principal prop\u00f2sit del qual \u00e9s controlat permament per la Comissi\u00f3 de Qualitat de l&#8217;Escola. Composici\u00f3 Es creen les CGQ dels t\u00edtols oficials de la UIB com a comissions permanents que vetllaran per la qualitat...","og_url":"https:\/\/www.escuelaturismo.org\/ca\/sigc\/","og_site_name":"Escuela de Turismo de Ibiza","article_modified_time":"2025-07-23T10:10:24+00:00","twitter_card":"summary_large_image","twitter_misc":{"Temps estimat de lectura":"5 minuts"},"schema":{"@context":"https:\/\/schema.org","@graph":[{"@type":"WebPage","@id":"https:\/\/www.escuelaturismo.org\/ca\/sigc\/","url":"https:\/\/www.escuelaturismo.org\/ca\/sigc\/","name":"SIGC - Escuela de Turismo de Ibiza","isPartOf":{"@id":"https:\/\/www.escuelaturismo.org\/ca\/#website"},"datePublished":"2022-12-21T16:54:33+00:00","dateModified":"2025-07-23T10:10:24+00:00","breadcrumb":{"@id":"https:\/\/www.escuelaturismo.org\/ca\/sigc\/#breadcrumb"},"inLanguage":"ca","potentialAction":[{"@type":"ReadAction","target":["https:\/\/www.escuelaturismo.org\/ca\/sigc\/"]}]},{"@type":"BreadcrumbList","@id":"https:\/\/www.escuelaturismo.org\/ca\/sigc\/#breadcrumb","itemListElement":[{"@type":"ListItem","position":1,"name":"Home","item":"https:\/\/www.escuelaturismo.org\/ca\/"},{"@type":"ListItem","position":2,"name":"SIGC"}]},{"@type":"WebSite","@id":"https:\/\/www.escuelaturismo.org\/ca\/#website","url":"https:\/\/www.escuelaturismo.org\/ca\/","name":"Escuela de Turismo de Ibiza","description":"Escuela de Turismo de Ibiza","publisher":{"@id":"https:\/\/www.escuelaturismo.org\/ca\/#organization"},"potentialAction":[{"@type":"SearchAction","target":{"@type":"EntryPoint","urlTemplate":"https:\/\/www.escuelaturismo.org\/ca\/?s={search_term_string}"},"query-input":{"@type":"PropertyValueSpecification","valueRequired":true,"valueName":"search_term_string"}}],"inLanguage":"ca"},{"@type":"Organization","@id":"https:\/\/www.escuelaturismo.org\/ca\/#organization","name":"Escuela de Turismo de Ibiza","url":"https:\/\/www.escuelaturismo.org\/ca\/","logo":{"@type":"ImageObject","inLanguage":"ca","@id":"https:\/\/www.escuelaturismo.org\/ca\/#\/schema\/logo\/image\/","url":"https:\/\/www.escuelaturismo.org\/wp-content\/uploads\/2023\/01\/logo-ETI-header.svg","contentUrl":"https:\/\/www.escuelaturismo.org\/wp-content\/uploads\/2023\/01\/logo-ETI-header.svg","width":350,"height":90,"caption":"Escuela de Turismo de Ibiza"},"image":{"@id":"https:\/\/www.escuelaturismo.org\/ca\/#\/schema\/logo\/image\/"}}]}},"_links":{"self":[{"href":"https:\/\/www.escuelaturismo.org\/ca\/wp-json\/wp\/v2\/pages\/992993","targetHints":{"allow":["GET"]}}],"collection":[{"href":"https:\/\/www.escuelaturismo.org\/ca\/wp-json\/wp\/v2\/pages"}],"about":[{"href":"https:\/\/www.escuelaturismo.org\/ca\/wp-json\/wp\/v2\/types\/page"}],"author":[{"embeddable":true,"href":"https:\/\/www.escuelaturismo.org\/ca\/wp-json\/wp\/v2\/users\/1"}],"replies":[{"embeddable":true,"href":"https:\/\/www.escuelaturismo.org\/ca\/wp-json\/wp\/v2\/comments?post=992993"}],"version-history":[{"count":17,"href":"https:\/\/www.escuelaturismo.org\/ca\/wp-json\/wp\/v2\/pages\/992993\/revisions"}],"predecessor-version":[{"id":994292,"href":"https:\/\/www.escuelaturismo.org\/ca\/wp-json\/wp\/v2\/pages\/992993\/revisions\/994292"}],"wp:attachment":[{"href":"https:\/\/www.escuelaturismo.org\/ca\/wp-json\/wp\/v2\/media?parent=992993"}],"curies":[{"name":"wp","href":"https:\/\/api.w.org\/{rel}","templated":true}]}}